{"id":90,"date":"2023-07-06T19:07:20","date_gmt":"2023-07-06T17:07:20","guid":{"rendered":"https:\/\/rehabilitacjamalucha.pl\/?page_id=90"},"modified":"2024-08-05T10:34:30","modified_gmt":"2024-08-05T08:34:30","slug":"regulamin","status":"publish","type":"page","link":"https:\/\/rehabilitacjamalucha.pl\/index.php\/regulamin\/","title":{"rendered":"Regulamin"},"content":{"rendered":"\n<p class=\"has-text-align-left\">Ze wzgl\u0119du na jako\u015b\u0107 oferowanych przeze mnie us\u0142ug, mo\u017cliwo\u015b\u0107 rejestracji wizyt online oraz obowi\u0105zek prowadzenia&nbsp; dokumentacji medycznej niezb\u0119dna jest Pa\u0144stwa zgoda&nbsp;na przetwarzanie danych osobowych oraz akceptacja<br>regulaminu strony oraz systemu rejestracji.<\/p>\n\n\n\n<p class=\"has-text-align-left\">Uprzejmie prosz\u0119 o zapoznanie si\u0119 z regulaminem strony.<\/p>\n\n\n\n<p class=\"has-text-align-left\">Korzystanie z us\u0142ug i rejestracji online jest jednoznaczne ze&nbsp;zgod\u0105 i akceptacj\u0105 poni\u017cszego regulaminu.<\/p>\n\n\n\n<h3 class=\"wp-block-heading has-text-align-center\"><strong>Polityka Prywatno\u015bci i regulamin korzystania ze strony Rehabilitacja Malucha Artur Polczyk, <\/strong><br><strong>05 Sierpie\u0144 2024 r.\u00a0<\/strong><\/h3>\n\n\n\n<p class=\"has-text-align-left\">1. Postanowienia og\u00f3lne&nbsp;<\/p>\n\n\n\n<p class=\"has-text-align-left\">1.1. Niniejszy regulamin okre\u015bla zasady korzystania przez U\u017cytkownik\u00f3w ze strony&nbsp;<a href=\"http:\/\/www.rehabilitacjamalucha.pl\/\">www.rehabilitacjamalucha.pl<\/a>&nbsp;oraz systemu rejestracji online na stronie&nbsp;<a href=\"http:\/\/www.rehabilitacjamlucha.pl\/\">www.rehabilitacjamlucha.pl<\/a>&nbsp;wykorzystuj\u0105cej system SETMORE , szczeg\u00f3lnie w zakresie sposobu zarz\u0105dzania, ochrony i udost\u0119pniania, przechowywania oraz przetwarzania danych osobowych przez system rejestracji SETMORE .&nbsp;<\/p>\n\n\n\n<p class=\"has-text-align-left\">1.2. Administratorem danych podanych przez pacjenta oraz wprowadzonych przez U\u017cytkownika na podstawie art. 24 ust. 1 ustawy z dnia 29 sierpnia 1997 r. o ochronie danych osobowych (tekst jednolity Dz. U. z 2016 r. poz. 922 z p\u00f3\u017an. zm.) jest Rehabilitacja Malucha Artur Polczyk z siedzib\u0105 we Wroc\u0142awiu, Plac Stanis\u0142awa Staszica 21\/5, 50-223 Wroc\u0142aw, REGON: 022529048, NIP: 6412377786.\u00a0<\/p>\n\n\n\n<p class=\"has-text-align-left\">1.2.1. Dane pacjenta i\/lub jego opiekuna w Formularzu rejestracji online s\u0105 zapisywane i przechowywane na serwerach firmy SETMORE. Wykorzystywanie rejestracji online przez pacjenta\/opiekuna prawnego pacjenta s\u0105 r\u00f3wnoznaczne, z akceptacj\u0105 regulaminu strony&nbsp;<a href=\"http:\/\/www.rehabilitacjamalucha.pl\/\">www.rehabilitacjamalucha.pl<\/a>&nbsp;oraz regulaminu firmy SETMORE dost\u0119pnego pod adresem https:\/\/www.setmore.com\/privacy . Zgodnie z regulaminem systemu SETMORE rodzic podaje w formularzu swoje dane lub swojego podopiecznego, kt\u00f3ry uko\u0144czy\u0142 13 rok \u017cycia.<\/p>\n\n\n\n<p class=\"has-text-align-left\">1.3. U\u017cytkownik realizuj\u0105c niniejszy Regulamin dok\u0142ada najwy\u017cszej staranno\u015bci w celu ochrony interes\u00f3w os\u00f3b, kt\u00f3rych dane dotycz\u0105, a w szczeg\u00f3lno\u015bci zapewnia, aby dane te by\u0142y: a) Zgodnie z prawem;&nbsp;<\/p>\n\n\n\n<p class=\"has-text-align-left\">b) Zbierane dla oznaczonych, zgodnych z prawem cel\u00f3w i niepoddawane dalszemu przetwarzaniu niezgodnemu z tymi celami&nbsp;<\/p>\n\n\n\n<p class=\"has-text-align-left\">c) Przetwarzane w spos\u00f3b poprawny i adekwatny do za\u0142o\u017conych cel\u00f3w&nbsp;<\/p>\n\n\n\n<p class=\"has-text-align-left\">d) Przechowywane nie d\u0142u\u017cej ni\u017c jest to niezb\u0119dne do realizacji cel\u00f3w, dla kt\u00f3rych zosta\u0142y zebrane.&nbsp;<\/p>\n\n\n\n<p class=\"has-text-align-left\">2. Definicje&nbsp;<\/p>\n\n\n\n<p class=\"has-text-align-left\">2.1. U\u017cyte w regulaminie okre\u015blenia oznaczaj\u0105:&nbsp;<\/p>\n\n\n\n<p class=\"has-text-align-left\">a) Regulamin \u2013 niniejszy Regulamin korzystania ze strony www.rehabilitacjamalucha.pl oraz systemu rejestracji SETMORE.<\/p>\n\n\n\n<p class=\"has-text-align-left\">b) Dane osobowe \u2013 wszelkie informacje dotycz\u0105ce zidentyfikowanej lub mo\u017cliwej do zidentyfikowania osoby fizycznej; osob\u0105 mo\u017cliw\u0105 do zidentyfikowania jest osoba, kt\u00f3rej to\u017csamo\u015b\u0107 mo\u017cna okre\u015bli\u0107 bezpo\u015brednio lub po\u015brednio, w szczeg\u00f3lno\u015bci przez powo\u0142anie si\u0119 na numer identyfikacyjny albo jeden lub kilka specyficznych czynnik\u00f3w okre\u015blaj\u0105cych jej cechy fizyczne, fizjologiczne, umys\u0142owe, ekonomiczne, kulturowe lub spo\u0142eczne; informacji nie uwa\u017ca si\u0119 za umo\u017cliwiaj\u0105c\u0105 okre\u015blenie to\u017csamo\u015bci osoby, je\u017celi wymaga\u0142oby to nadmiernych koszt\u00f3w, czasu lub dzia\u0142a\u0144;<br>c) Fizjoterapeuta \u2013 osoba, kt\u00f3ra posiada tytu\u0142 zawodowy \u201efizjoterapeuty\u201d .<br>d) U\u017cytkownik \u2013 Pacjent\/opiekun prawny pacjenta i fizjoterapeuta, korzystaj\u0105cy ze strony&nbsp;<a href=\"http:\/\/www.rehabilitacjamalucha.pl\/\">www.rehabilitacjamalucha.pl<\/a>&nbsp;oraz systemu rejestracji SETMORE<br>e) Login \u2013 ci\u0105g znak\u00f3w literowych, cyfrowych lub innych jednoznacznie identyfikuj\u0105cych osob\u0119 w systemie informatycznym<br>f) Has\u0142o \u2013 ci\u0105g znak\u00f3w literowych, cyfrowych lub innych przypisanych do Loginu umo\u017cliwiaj\u0105cy korzystanie z systemu rejestracji SETMORE.<br>g) Przetwarzanie danych \u2013 jakiekolwiek operacje wykonywane na danych osobowych, takie jak zbieranie, utrwalanie, przechowywanie, opracowywanie, zmienianie, udost\u0119pnianie i usuwanie, a zw\u0142aszcza te, kt\u00f3re wykonuje si\u0119 w systemach informatycznych.<br>h) Sprawdzenie zgodno\u015bci \u2013 czynno\u015bci maj\u0105ce na celu zweryfikowanie zgodno\u015bci przetwarzanych danych osobowych z przepisami o ochronie danych osobowych<br>i) System rejestracji SETMORE \u2013 chroniony prawem autorskim program komputerowy pod nazw\u0105 SETMORE wraz z pozosta\u0142ymi elementami, nieb\u0119d\u0105cymi programem komputerowym w rozumieniu Prawa autorskiego, s\u0142u\u017c\u0105cy do gromadzenia danych pacjenta<br>j) Tajemnica zawodowa \u2013 wszystkie informacje dotycz\u0105ce pacjent\u00f3w, uzyskane w trakcie zawierania i realizacji umowy z uzyskane w zwi\u0105zku z wykonywaniem zawodu zgodnie z przepisami ustawy z dnia 6 listopada 2008 r. o prawach pacjenta i Rzeczniku Praw Pacjenta. k) Usuwanie danych \u2013 zniszczenie danych osobowych lub taka ich modyfikacja, kt\u00f3ra nie pozwoli na ustalenie to\u017csamo\u015bci osoby, kt\u00f3rej dane dotycz\u0105;<br>l) Zbi\u00f3r danych \u2013 ka\u017cdy posiadaj\u0105cy struktur\u0119 zestaw danych o charakterze osobowym, dost\u0119pnych wed\u0142ug okre\u015blonych kryteri\u00f3w, niezale\u017cnie od tego, czy zestaw ten jest rozproszony lub podzielony funkcjonalnie;<br>m) Zgoda osoby, kt\u00f3rej dane dotycz\u0105 \u2013 rozumie si\u0119 przez to o\u015bwiadczenie woli, kt\u00f3rego tre\u015bci\u0105 jest zgoda na przetwarzanie danych osobowych tego, kto sk\u0142ada o\u015bwiadczenie; zgoda nie mo\u017ce by\u0107 domniemana lub dorozumiana z o\u015bwiadczenia woli o innej tre\u015bci; zgoda mo\u017ce by\u0107 odwo\u0142ana w ka\u017cdym czasie. Wz\u00f3r zgody stanowi za\u0142\u0105cznik do niniejszego regulaminu.<br>n) Logowanie &#8211; wprowadzenie przez U\u017cytkownika znanego tylko jemu has\u0142a uprawniaj\u0105cego go do wej\u015bcia na Konto U\u017cytkownika.<br>o) Wylogowanie &#8211; rozumie si\u0119 przez to wyj\u015bcie przez U\u017cytkownika z Konta U\u017cytkownika, w taki spos\u00f3b aby \u017cadna inna osoba nie mia\u0142a dost\u0119pu do Konta U\u017cytkownika.<br>p) Administrator danych osobowych\/ADO \u2013 administratorem danych osobowych w rozumieniu ustawy z dnia 29 sierpnia 1997 r. o ochronie danych osobowych (tekst jednolity Dz. U. z 2016 r. poz. 922 z p\u00f3\u017an. zm. ) jest firma SETMORE i Rehabilitacja Malucha Artur Polczyk.<\/p>\n\n\n\n<p class=\"has-text-align-left\">3. Dost\u0119p do Systemu<br>3.1. Warunkiem uzyskania przez U\u017cytkownika dost\u0119pu do Systemu jest zaakceptowanie Regulaminu.<br>3.2. U\u017cytkownik akceptuj\u0105c Regulamin o\u015bwiadcza, \u017ce zapozna\u0142 si\u0119 z Regulaminem korzystania z SETMORE i stron\u0105\u00a0www.rehbilitacjamalucha.pl i akceptuje postanowienia oraz \u017ce wprowadzone przez U\u017cytkownika identyfikacyjne dane osobowe s\u0105 zgodne z prawd\u0105.<br>3.3. U\u017cytkownik mo\u017ce utworzy\u0107 w Systemie tylko jedno Konto U\u017cytkownika.<br>3.4. Logowanie do Systemu wymaga ka\u017cdorazowo wprowadzenia Loginu oraz Has\u0142a dost\u0119pu ustawionego przez u\u017cytkownika.<br>3.5. U\u017cytkownik systemu zobowi\u0105zany jest do odpowiedniego zabezpieczenia Loginu i Has\u0142a przed osobami nieupowa\u017cnionymi oraz do nieudost\u0119pniania Loginu i Has\u0142a osobom trzecim. <br>3.6. U\u017cytkownik, w celu odpowiedniego zabezpieczenia dost\u0119pu do Systemu powinien zmienia\u0107 Has\u0142o co 30 dni.<br>3.7. W przypadku utraty Has\u0142a dost\u0119pu nale\u017cy bezzw\u0142ocznie zresetowa\u0107 Has\u0142o na stronie logowania do Systemu.<br>3.8. Po zako\u0144czeniu pracy w Systemie u\u017cytkownik ka\u017cdorazowo Wyloguje si\u0119.<br>3.9. Administratorzy nie odpowiadaj\u0105 za szkody powsta\u0142e w wyniku niewylogowania si\u0119 i przekazywania login\u00f3w osobom .<br>3.10. W przypadku zako\u0144czenia u\u017cytkowania Systemu U\u017cytkownik sk\u0142ada o\u015bwiadczenie w sprawie usuni\u0119ciu Konta U\u017cytkownika.<br><br>4. Obowi\u0105zki u\u017cytkownika Systemu<br>4.1. U\u017cytkownikiem Systemu Informatycznego mo\u017ce by\u0107 Fizjoterapeuta i pacjent lub jego Opiekun Prawny, kt\u00f3ry, przeszed\u0142 pomy\u015blnie proces rejestracji.<br>4.2. U\u017cytkownik systemu zobowi\u0105zany jest do odpowiedniego zabezpieczenia Loginu i Has\u0142a przed osobami nieupowa\u017cnionymi oraz do nieudost\u0119pniania Loginu i Has\u0142a osobom trzecim.<br>4.3. U\u017cytkownik Systemu &#8211; \u00a0Fizjoterapeuta przed wprowadzeniem Danych Osobowych pacjenta do systemu (po pierwszej wizycie) jest zobowi\u0105zany do uzyskania pisemnej Zgody pacjenta (zgodnie z wzorcem stanowi\u0105cym za\u0142\u0105cznik do niniejszego regulaminu)<br>4.4. U\u017cytkownik systemu obowi\u0105zany jest do udzielenia pacjentowi informacji, \u017ce zgoda na Przetwarzanie danych osobowych jest dobrowolna i mo\u017ce by\u0107 w ka\u017cdym czasie odwo\u0142ana.<br>4.5. Zgoda pacjenta nie jest wymagana, je\u017celi Przetwarzanie jego danych osobowych ma polega\u0107 na ich usuni\u0119ciu z Systemu.<br>4.6. U\u017cytkownik Systemu jest obowi\u0105zany poinformowa\u0107 pacjenta o celu zbierania danych, a w szczeg\u00f3lno\u015bci o znanych mu w czasie udzielania informacji lub przewidywanych odbiorcach lub kategoriach odbiorc\u00f3w.<br>4.7. W razie wykazania przez osob\u0119, kt\u00f3rej Dane osobowe dotycz\u0105, \u017ce s\u0105 one niekompletne, nieaktualne, nieprawdziwe lub zosta\u0142y zebrane z naruszeniem ustawy albo s\u0105 zb\u0119dne do realizacji celu, dla kt\u00f3rego zosta\u0142y zebrane, U\u017cytkownik jest obowi\u0105zany, bez zb\u0119dnej zw\u0142oki, do uzupe\u0142nienia, uaktualnienia, sprostowania danych, czasowego lub sta\u0142ego wstrzymania przetwarzania kwestionowanych danych lub ich usuni\u0119cia ze zbioru.<\/p>\n\n\n\n<p class=\"has-text-align-left\">5. Odpowiedzialno\u015b\u0107 U\u017cytkownik\u00f3w i pacjent\u00f3w<br>5.1. U\u017cytkownik ponosi odpowiedzialno\u015b\u0107 za szkody b\u0119d\u0105ce skutkiem tego, i\u017c na Koncie U\u017cytkownika zosta\u0142y zapisane przez U\u017cytkownika nieprawdziwe lub niepe\u0142ne dane.<br>5.2. U\u017cytkownik ponosi odpowiedzialno\u015b\u0107, za uzyskanie przez osoby nieupowa\u017cnione dost\u0119pu do danych zgromadzonych na Koncie U\u017cytkownika, je\u017celi sta\u0142o si\u0119 to skutek dzia\u0142ania b\u0105d\u017a zaniechania U\u017cytkownika.<br>5.3. Pacjent b\u0105d\u017a jego prawy opiekun rejestruj\u0105cy wizyt\u0119 jest zobowi\u0105zany do poinformowania Fizjoterapeuty o odwo\u0142aniu rezerwacji\/wizyty do 12 godzin od zarezerwowanego terminu (telefonicznie b\u0105d\u017a mailowo).<br>5.4. Pacjent b\u0105d\u017a jego prawny opiekun, kt\u00f3ry zarezerwowa\u0142e termin op\u0142aci 50% ceny wizyty, je\u015bli nie zostanie ona odwo\u0142ana w odpowiednim czasie.<br><br>6. Zmiana Regulaminu<br>6.1. Administrator danych osobowych zastrzega sobie prawo do zmiany niniejszego regulaminu.<br>6.2. Ka\u017cdy U\u017cytkownik zostanie poinformowany przez Administratora o zmianie regulaminu przez umieszczenie na stronie startowej www.rehabilitacjamalucha.pl wiadomo\u015bci o zmianie tre\u015bci regulaminu, zawieraj\u0105cej zestawienie zmian. Informacja ta b\u0119dzie widoczna na stronie nie kr\u00f3cej ni\u017c przez 7 kolejnych dni kalendarzowych.<br>6.3. W przypadku gdy U\u017cytkownik nie zaakceptuje nowej tre\u015bci Regulaminu obowi\u0105zany jest o tym fakcie powiadomi\u0107 Administratora, nie p\u00f3\u017aniej ni\u017c 7 dni od momentu umieszczenia informacji o zmianie Regulaminu.&nbsp;<\/p>\n\n\n\n<p class=\"has-text-align-left\"><\/p>\n\n\n\n<h2 class=\"wp-block-heading\" id=\"block-0c347c1a-fed2-499f-967e-eb08719079f4\">Kim jeste\u015bmy<\/h2>\n\n\n\n<p id=\"block-f96002bc-77a9-4c5d-89f5-852680f59da7\">Adres strony internetowej to: https:\/\/rehabilitacjamalucha.pl. Strona umo\u017cliwia rejestrowanie wizyt online w gabinecie, informuje o wydarzeniach zwi\u0105zanych z moj\u0105&nbsp;aktywno\u015bci\u0105 zawodow\u0105, dydaktyczn\u0105&nbsp;i naukow\u0105. <\/p>\n\n\n\n<h2 class=\"wp-block-heading\" id=\"block-bfde5bb8-fcd2-4fd2-a3ca-a849ebfa9a7d\">Komentarze<\/h2>\n\n\n\n<p id=\"block-a5835982-f86d-4e14-8974-732e151bd9d9\">Kiedy odwiedzaj\u0105cy witryn\u0119 zostawia komentarz, zbieramy dane widoczne w formularzu komentowania, jak i adres IP odwiedzaj\u0105cego oraz podpis jego przegl\u0105darki jako pomoc przy wykrywaniu spamu.<\/p>\n\n\n\n<p id=\"block-dcbaa8f7-4076-47c8-8a4e-fdaf901502cd\">Anonimizowany ci\u0105g znak\u00f3w utworzony z twojego adresu e-mail (zwany te\u017c hashem) mo\u017ce zosta\u0107 przes\u0142any do us\u0142ugi Gravatar w celu sprawdzenia czy jest u\u017cywany. Polityka prywatno\u015bci us\u0142ugi Gravatar jest dost\u0119pna pod adresem: https:\/\/automattic.com\/privacy\/. Po zatwierdzeniu komentarza tw\u00f3j obrazek profilowy jest widoczny publicznie w kontek\u015bcie twojego komentarza.<\/p>\n\n\n\n<h2 class=\"wp-block-heading\" id=\"block-e421e062-e242-4aa6-a09e-653d36ea65a2\">Media<\/h2>\n\n\n\n<p id=\"block-55702c71-1678-4600-9c81-e0dee63e6e92\">Je\u015bli jeste\u015b zarejestrowanym u\u017cytkownikiem i wgrywasz na witryn\u0119 obrazki, powiniene\u015b unika\u0107 przesy\u0142ania obrazk\u00f3w z tagami EXIF lokalizacji. Odwiedzaj\u0105cy stron\u0119 mog\u0105 pobra\u0107 i odczyta\u0107 pe\u0142ne dane lokalizacyjne z obrazk\u00f3w w witrynie.<\/p>\n\n\n\n<h2 class=\"wp-block-heading\" id=\"block-db65adaf-dd9c-48b0-8a41-5b1393c1857f\">Ciasteczka<\/h2>\n\n\n\n<p id=\"block-d426d9b7-7ea6-42d5-a218-5d9b80b58b86\">Je\u015bli skomentujesz co\u015b w witrynie, b\u0119dzie mo\u017cna wybra\u0107 opcj\u0119 zapisu nazwy, adresu e-mail i witryny internetowej w ciasteczkach, dzi\u0119ki kt\u00f3rym podczas pisania kolejnych komentarzy powy\u017csze informacje b\u0119d\u0105 ju\u017c dogodnie uzupe\u0142nione. Ciasteczka wygasaj\u0105 po roku.<\/p>\n\n\n\n<p id=\"block-32c83514-4a20-4d5d-abd2-371228064419\">Je\u015bli odwiedzisz stron\u0119 logowania, utworzymy tymczasowe ciasteczko na potrzeby sprawdzenia czy twoja przegl\u0105darka akceptuje ciasteczka. Nie zawiera ono \u017cadnych danych osobistych i zostanie usuni\u0119te, kiedy przegl\u0105darka zostanie zamkni\u0119ta.<\/p>\n\n\n\n<p id=\"block-67b20d31-2b06-49de-8e38-ed86a9636ba4\">Podczas logowania tworzymy dodatkowo kilka ciasteczek potrzebnych do zapisu twoich informacji logowania oraz wybranych opcji ekranu. Ciasteczka logowania wygasaj\u0105 po dw\u00f3ch dniach, a opcji ekranu po roku. Je\u015bli zaznaczysz opcj\u0119 \u201ePami\u0119taj mnie\u201d, logowanie wyga\u015bnie po dw\u00f3ch tygodniach. Je\u015bli wylogujesz si\u0119 ze swojego konta, ciasteczka logowania zostan\u0105 usuni\u0119te.<\/p>\n\n\n\n<p id=\"block-d797d638-225a-4463-946c-f6c72acb9db4\">Je\u015bli zmodyfikujesz albo opublikujesz artyku\u0142, w twojej przegl\u0105darce zostanie zapisane dodatkowe ciasteczko. To ciasteczko nie zawiera \u017cadnych danych osobistych, wskazuj\u0105c po prostu na identyfikator przed chwil\u0105 edytowanego artyku\u0142u. Wygasa ono po 1 dniu.<\/p>\n\n\n\n<h2 class=\"wp-block-heading\" id=\"block-bc946d0d-cbd9-4aa6-bfcf-364e2b6a22d3\">Osadzone tre\u015bci z innych witryn<\/h2>\n\n\n\n<p id=\"block-78dd5201-dbfb-4a1a-bec0-a8a3f8a62318\"><strong><\/strong>Artyku\u0142y na tej witrynie mog\u0105 zawiera\u0107 osadzone tre\u015bci (np. filmy, obrazki, artyku\u0142y itp.). Osadzone tre\u015bci z innych witryn zachowuj\u0105 si\u0119 analogicznie do tego, jakby u\u017cytkownik odwiedzi\u0142 bezpo\u015brednio konkretn\u0105 witryn\u0119.<\/p>\n\n\n\n<p id=\"block-972dee5c-427c-427a-b675-3bf980c3e9a8\">Witryny mog\u0105 zbiera\u0107 informacje o tobie, u\u017cywa\u0107 ciasteczek, do\u0142\u0105cza\u0107 dodatkowe, zewn\u0119trzne systemy \u015bledzenia i monitorowa\u0107 twoje interakcje z osadzonym materia\u0142em, w\u0142\u0105czaj\u0105c w to \u015bledzenie twoich interakcji z osadzonym materia\u0142em je\u015bli posiadasz konto i jeste\u015b zalogowany w tamtej witrynie.<\/p>\n\n\n\n<h2 class=\"wp-block-heading\" id=\"block-b9bbeb47-3b12-4a9d-bf23-3f05b32216a5\">Z kim dzielimy si\u0119 danymi<\/h2>\n\n\n\n<p id=\"block-60345ffa-62fe-4f1e-bb8c-179e28999542\"><strong><\/strong>Je\u015bli za\u017c\u0105dasz zresetowania has\u0142a, tw\u00f3j adres IP zostanie do\u0142\u0105czony do wysy\u0142anej wiadomo\u015bci.<\/p>\n\n\n\n<h2 class=\"wp-block-heading\" id=\"block-e610b211-5ee1-4835-b145-a67dbdba6152\">Jak d\u0142ugo przechowujemy twoje dane<\/h2>\n\n\n\n<p id=\"block-3b7e52e3-2eb4-4a1e-82d3-e26441f473ef\">Je\u015bli zostawisz komentarz, jego tre\u015b\u0107 i metadane b\u0119d\u0105 przechowywane przez czas nieokre\u015blony. Dzi\u0119ki temu jeste\u015bmy w stanie rozpoznawa\u0107 i zatwierdza\u0107 kolejne komentarze automatycznie, bez wysy\u0142ania ich do ka\u017cdorazowej moderacji.<\/p>\n\n\n\n<p id=\"block-39b081df-686f-4aba-bbbb-30f5a6768fb1\">Dla u\u017cytkownik\u00f3w kt\u00f3rzy zarejestrowali si\u0119 na naszej stronie internetowej (je\u015bli tacy s\u0105), przechowujemy r\u00f3wnie\u017c informacje osobiste wprowadzone w profilu. Ka\u017cdy u\u017cytkownik mo\u017ce dokona\u0107 wgl\u0105du, korekty albo skasowa\u0107 swoje informacje osobiste w dowolnej chwili (nie licz\u0105c nazwy u\u017cytkownika, kt\u00f3rej nie mo\u017cna zmieni\u0107). Administratorzy strony r\u00f3wnie\u017c mog\u0105 przegl\u0105da\u0107 i modyfikowa\u0107 te informacje.<\/p>\n\n\n\n<h2 class=\"wp-block-heading\" id=\"block-00b3dbd5-3b2a-474e-945e-6a0150e94b81\">Jakie masz prawa do swoich danych<\/h2>\n\n\n\n<p id=\"block-d2698346-8749-4639-8335-691135876150\">Je\u015bli masz konto u\u017cytkownika albo doda\u0142e\u015b komentarze w tej witrynie, mo\u017cesz za\u017c\u0105da\u0107 dostarczenia pliku z wyeksportowanym kompletem twoich danych osobistych b\u0119d\u0105cych w naszym posiadaniu, w tym ca\u0142o\u015b\u0107 tych dostarczonych przez ciebie. Mo\u017cesz r\u00f3wnie\u017c za\u017c\u0105da\u0107 usuni\u0119cia przez nas ca\u0142o\u015bci twoich danych osobistych w naszym posiadaniu. Nie dotyczy to \u017cadnych danych kt\u00f3re jeste\u015bmy zobligowani zachowa\u0107 ze wzgl\u0119d\u00f3w administracyjnych, prawnych albo bezpiecze\u0144stwa.<\/p>\n\n\n\n<h2 class=\"wp-block-heading\" id=\"block-9b5bd3ed-a467-4d42-b305-687d9e620fbd\">Gdzie wys\u0142amy twoje dane<\/h2>\n\n\n\n<p id=\"block-4efb1332-4880-4eb4-9929-a2291a71511a\">Komentarze go\u015bci mog\u0105 by\u0107 sprawdzane za pomoc\u0105 automatycznej us\u0142ugi wykrywania spamu. Je\u015bli rejestrujesz wizyt\u0119&nbsp;online przez system Set More wszystkie informacje znajdziesz na pocz\u0105tku tej strony oraz w samym systemie rejestracji. <\/p>\n\n\n\n<h5 class=\"wp-block-heading\">ZGODA PACJENTA NA PRZETWARZANIE DANYCH OSOBOWYCH<\/h5>\n\n\n\n<p class=\"has-text-align-left\"><strong>Dane Pacjenta<\/strong><\/p>\n\n\n\n<p class=\"has-text-align-left\"><strong>Imi\u0119 i nazwisko<\/strong>: &#8230;&#8230;&#8230;&#8230;&#8230;&#8230;&#8230;&#8230;&#8230;&#8230;&#8230;&#8230;&#8230;&#8230;&#8230;&#8230;&#8230;&#8230;&#8230;&#8230;&#8230;&#8230;&#8230;&#8230;&#8230;&#8230;&#8230;&#8230;&#8230;&#8230;&#8230;&#8230;&#8230;&#8230;&#8230;&#8230;&#8230;&#8230;&#8230;&#8230;..<\/p>\n\n\n\n<p class=\"has-text-align-left\"><strong>Adres zamieszkania<\/strong>: &#8230;&#8230;&#8230;&#8230;&#8230;&#8230;&#8230;&#8230;&#8230;&#8230;&#8230;&#8230;&#8230;&#8230;&#8230;&#8230;&#8230;&#8230;&#8230;&#8230;&#8230;&#8230;&#8230;&#8230;&#8230;&#8230;&#8230;&#8230;&#8230;&#8230;&#8230;&#8230;&#8230;&#8230;&#8230;&#8230;&#8230;&#8230;.<\/p>\n\n\n\n<p class=\"has-text-align-left\"><strong>PESEL:<\/strong>&nbsp;&#8230;&#8230;&#8230;&#8230;&#8230;&#8230;&#8230;&#8230;&#8230;&#8230;&#8230;&#8230;&#8230;&#8230;&#8230;&#8230;&#8230;&#8230;&#8230;&#8230;&#8230;&#8230;&#8230;&#8230;&#8230;&#8230;&#8230;&#8230;&#8230;&#8230;&#8230;&#8230;&#8230;&#8230;&#8230;&#8230;&#8230;&#8230;&#8230;&#8230;&#8230;&#8230;&#8230;&#8230;&#8230;.<\/p>\n\n\n\n<p class=\"has-text-align-left\">Ja, ni\u017cej podpisany\/a \u2026\u2026\u2026\u2026\u2026\u2026\u2026\u2026\u2026\u2026\u2026\u2026\u2026\u2026\u2026\u2026\u2026\u2026\u2026\u2026\u2026\u2026\u2026\u2026\u2026\u2026\u2026\u2026\u2026\u2026\u2026\u2026.., legitymuj\u0105cy\/a&nbsp;si\u0119 dowodem osobistym nr \u2026\u2026\u2026\u2026\u2026\u2026\u2026\u2026\u2026\u2026\u2026\u2026\u2026\u2026\u2026.., po zapoznaniu si\u0119 z udost\u0119pnionymi&nbsp;informacjami i uzyskaniu wyczerpuj\u0105cych odpowiedzi na zadane pytania:<\/p>\n\n\n\n<p class=\"has-text-align-left\">1) wyra\u017cam zgod\u0119 na przetwarzanie przez Rehabilitacja Malucha Artur Polczyk\u00a0 z siedzib\u0105 we Wroc\u0142awiu, Plac Stanis\u0142awa Staszica 21\/5, Wroc\u0142aw 50-223 moich danych osobowych i danych osobowych dziecka \u2026\u2026\u2026\u2026\u2026\u2026\u2026\u2026\u2026\u2026\u2026\u2026\u2026\u2026\u2026\u2026\u2026\u2026\u2026\u2026.., kt\u00f3rego jestem prawnym opiekunem, w rozumieniu ustawy z dnia 29 sierpnia 1997 r. o ochronie danych osobowych (Dz.U. 2016r. poz.922), w tym danych dotycz\u0105cych stanu mojego zdrowia\/ zdrowia mojego podopiecznego\/ dziecka, zastosowanych metod diagnostycznych, leczniczych, rezultat\u00f3w zastosowanych metod diagnostycznych, leczniczych &#8211; danych wra\u017cliwych, przez system Finezjo (rekomendowany przez Krajow\u0105 Izb\u0119 Fizjoterapeutyczn\u0105) w celu prawid\u0142owego prowadzenia przez fizjoterapeut\u0119 dokumentacji medycznej w programie Finezjo i umieszczania tych danych przez fizjoterapeut\u0119 Artura Polczyka w Programie Finezjo.<\/p>\n\n\n\n<p class=\"has-text-align-left\">2) wyra\u017cam zgod\u0119 na przetwarzanie przez Rehabilitacja Malucha Artur Polczyk\u00a0 z siedzib\u0105 we Wroc\u0142awiu, Plan Stanis\u0142awa Staszica 21\/5, Wroc\u0142aw 50-223 danych kontaktowych, Imienia i Nazwiska, adresu email, numeru telefonu, diagnozy pacjenta, kt\u00f3rego jestem pe\u0142noprawnym opiekunem w celu prowadzenia rejestracji pacjent\u00f3w\/ rejestracji online z wykorzystaniem programu SET MORE.<\/p>\n\n\n\n<p class=\"has-text-align-left\">3) wyra\u017cam zgod\u0119 na przetwarzanie przez Rehabilitacja Malucha Artur Polczyk\u00a0 z siedzib\u0105 we Wroc\u0142awiu, Plan Stanis\u0142awa Staszica 21\/5, Wroc\u0142aw 50-223 danych zawartych w dokumentacji medycznej dotycz\u0105cej mojej osoby\/ mojego podopiecznego\/ dziecka, w tym orzecze\u0144, opinii lekarskich, dokumentacji w zakresie niezb\u0119dnym do realizacji celu opisanego w pkt. 1 powy\u017cej.<\/p>\n\n\n\n<p class=\"has-text-align-left\">Nadto o\u015bwiadczam, \u017ce:<\/p>\n\n\n\n<p class=\"has-text-align-left\">1. niniejszej zgody na przetwarzanie danych osobowych, w zakresie i celu opisanym w pkt. 1 i 2 powy\u017cej udzielam dobrowolnie.<\/p>\n\n\n\n<p class=\"has-text-align-left\">2. Zosta\u0142em\/am poinformowany\/a o prawie dost\u0119pu do tre\u015bci moich danych osobowych \/ danych osobowych mojego podopiecznego oraz ich poprawiania.<\/p>\n\n\n\n<p class=\"has-text-align-left\">&#8230;&#8230;&#8230;&#8230;&#8230;.\u2026\u2026\u2026., dnia \u2026\u2026\u2026\u2026\u2026\u2026\u2026\u2026\u2026\u2026\u2026\u2026\u2026\u2026\u2026\u2026\u2026<\/p>\n\n\n\n<p class=\"has-text-align-left\">Podpis pacjenta \/ opiekuna prawnego<\/p>\n\n\n\n<p class=\"has-text-align-left\">&nbsp;\u2026\u2026\u2026\u2026\u2026\u2026\u2026\u2026\u2026\u2026\u2026\u2026\u2026\u2026\u2026\u2026\u2026\u2026\u2026\u2026\u2026\u2026\u2026.<\/p>\n\n\n\n<p id=\"block-4efb1332-4880-4eb4-9929-a2291a71511a\"><\/p>\n\n\n\n<h2 class=\"wp-block-heading\">Podsumowanie<\/h2>\n\n\n\n<p>Widoczno\u015b\u0107: Publiczne<\/p>\n\n\n\n<p>Opublikowano obecn\u0105\u00a0wersj\u0119 : 2024 Sierpie\u0144 10:34<\/p>\n\n\n\n<p class=\"has-text-align-left\"><\/p>\n\n\n\n<p class=\"has-text-align-left\"><br><\/p>\n","protected":false},"excerpt":{"rendered":"<p>Ze wzgl\u0119du na jako\u015b\u0107 oferowanych przeze mnie us\u0142ug, mo\u017cliwo\u015b\u0107 rejestracji wizyt online oraz obowi\u0105zek prowadzenia&nbsp; dokumentacji medycznej niezb\u0119dna jest Pa\u0144stwa zgoda&nbsp;na przetwarzanie danych osobowych oraz akceptacjaregulaminu strony oraz systemu rejestracji. Uprzejmie prosz\u0119 o zapoznanie si\u0119 z regulaminem strony. Korzystanie z us\u0142ug i rejestracji online jest jednoznaczne ze&nbsp;zgod\u0105 i akceptacj\u0105 poni\u017cszego regulaminu. Polityka Prywatno\u015bci i regulamin [&hellip;]<\/p>\n","protected":false},"author":1,"featured_media":0,"parent":0,"menu_order":0,"comment_status":"closed","ping_status":"closed","template":"","meta":{"_themeisle_gutenberg_block_has_review":false,"footnotes":""},"class_list":["post-90","page","type-page","status-publish","hentry"],"jetpack_sharing_enabled":true,"_links":{"self":[{"href":"https:\/\/rehabilitacjamalucha.pl\/index.php\/wp-json\/wp\/v2\/pages\/90","targetHints":{"allow":["GET"]}}],"collection":[{"href":"https:\/\/rehabilitacjamalucha.pl\/index.php\/wp-json\/wp\/v2\/pages"}],"about":[{"href":"https:\/\/rehabilitacjamalucha.pl\/index.php\/wp-json\/wp\/v2\/types\/page"}],"author":[{"embeddable":true,"href":"https:\/\/rehabilitacjamalucha.pl\/index.php\/wp-json\/wp\/v2\/users\/1"}],"replies":[{"embeddable":true,"href":"https:\/\/rehabilitacjamalucha.pl\/index.php\/wp-json\/wp\/v2\/comments?post=90"}],"version-history":[{"count":8,"href":"https:\/\/rehabilitacjamalucha.pl\/index.php\/wp-json\/wp\/v2\/pages\/90\/revisions"}],"predecessor-version":[{"id":318,"href":"https:\/\/rehabilitacjamalucha.pl\/index.php\/wp-json\/wp\/v2\/pages\/90\/revisions\/318"}],"wp:attachment":[{"href":"https:\/\/rehabilitacjamalucha.pl\/index.php\/wp-json\/wp\/v2\/media?parent=90"}],"curies":[{"name":"wp","href":"https:\/\/api.w.org\/{rel}","templated":true}]}}