{"id":78,"date":"2023-07-06T18:51:18","date_gmt":"2023-07-06T16:51:18","guid":{"rendered":"https:\/\/rehabilitacjamalucha.pl\/?page_id=78"},"modified":"2025-08-13T11:53:58","modified_gmt":"2025-08-13T09:53:58","slug":"wizyty","status":"publish","type":"page","link":"https:\/\/rehabilitacjamalucha.pl\/index.php\/wizyty\/","title":{"rendered":"Wizyty"},"content":{"rendered":"\n<p>Obecnie us\u0142ugi domowe s\u0105 <strong>niedost\u0119pne.<\/strong><\/p>\n\n\n\n<h4 class=\"wp-block-heading\">Opis wizyty w gabinecie<\/h4>\n\n\n\n<div class=\"wp-block-media-text alignwide is-stacked-on-mobile\" style=\"grid-template-columns:34% auto\"><figure class=\"wp-block-media-text__media\"><img loading=\"lazy\" decoding=\"async\" width=\"1024\" height=\"768\" src=\"https:\/\/rehabilitacjamalucha.pl\/wp-content\/uploads\/2023\/07\/3-1024x768.jpeg\" alt=\"\" class=\"wp-image-154 size-full\" srcset=\"https:\/\/rehabilitacjamalucha.pl\/wp-content\/uploads\/2023\/07\/3-1024x768.jpeg 1024w, https:\/\/rehabilitacjamalucha.pl\/wp-content\/uploads\/2023\/07\/3-300x225.jpeg 300w, https:\/\/rehabilitacjamalucha.pl\/wp-content\/uploads\/2023\/07\/3-768x576.jpeg 768w, https:\/\/rehabilitacjamalucha.pl\/wp-content\/uploads\/2023\/07\/3-1536x1152.jpeg 1536w, https:\/\/rehabilitacjamalucha.pl\/wp-content\/uploads\/2023\/07\/3-1320x990.jpeg 1320w, https:\/\/rehabilitacjamalucha.pl\/wp-content\/uploads\/2023\/07\/3-600x450.jpeg 600w, https:\/\/rehabilitacjamalucha.pl\/wp-content\/uploads\/2023\/07\/3.jpeg 2048w\" sizes=\"auto, (max-width: 1024px) 100vw, 1024px\" \/><\/figure><div class=\"wp-block-media-text__content\">\n<p>W trakcie spotkania (w gabinecie czy centrum) oceniamy i opisujemy mo\u017cliwo\u015bci ruchowe oraz potrzeby dziecka przed i po terapii. G\u0142\u00f3wn\u0105 cz\u0119\u015bci\u0105 spotkania s\u0105 oczywi\u015bcie \u0107wiczenia dobrane do celu, kt\u00f3ry nakre\u015blamy z rodzicem w trakcie oceny pacjenta. Rodzic jest instruowany pod okiem terapeuty, jak stymulacj\u0119 wykonywa\u0107&nbsp; w domu, co zwi\u0119ksza efektywno\u015b\u0107&nbsp;naszej pracy.<\/p>\n<\/div><\/div>\n\n\n\n<div class=\"wp-block-media-text alignwide has-media-on-the-right is-stacked-on-mobile\" style=\"grid-template-columns:auto 15%\"><div class=\"wp-block-media-text__content\">\n<p><strong>Ocena online<\/strong>, kt\u00f3r\u0105 rodzic otrzyma w postaci dokumentu pdf. polega na opisaniu nagranego przez rodzica materia\u0142u. Ocena zostanie przes\u0142ana do trzech dni roboczych od dostarczenia w wybrany przez rodzica spos\u00f3b materia\u0142\u00f3w video oraz rozmowie przez Skype (w um\u00f3wionym dniu i porze) maj\u0105cej na celu przekazanie wskaz\u00f3wek i spostrze\u017ce\u0144 odno\u015bnie piel\u0119gnacji, zabaw i ewentualnej rehabilitacji. Rozmowa trwa ok. 20 &#8211; 30 minut.<\/p>\n<\/div><figure class=\"wp-block-media-text__media\"><img loading=\"lazy\" decoding=\"async\" width=\"512\" height=\"512\" src=\"https:\/\/rehabilitacjamalucha.pl\/wp-content\/uploads\/2023\/07\/video-camera.png\" alt=\"\" class=\"wp-image-156 size-full\" srcset=\"https:\/\/rehabilitacjamalucha.pl\/wp-content\/uploads\/2023\/07\/video-camera.png 512w, https:\/\/rehabilitacjamalucha.pl\/wp-content\/uploads\/2023\/07\/video-camera-300x300.png 300w, https:\/\/rehabilitacjamalucha.pl\/wp-content\/uploads\/2023\/07\/video-camera-150x150.png 150w, https:\/\/rehabilitacjamalucha.pl\/wp-content\/uploads\/2023\/07\/video-camera-100x100.png 100w\" sizes=\"auto, (max-width: 512px) 100vw, 512px\" \/><\/figure><\/div>\n\n\n\n<h3 class=\"wp-block-heading\">Wizyta w Gabinecie<\/h3>\n\n\n\n<p>Koszt<strong> pierwszej wizyty<\/strong> w gabinecie &#8211; <strong>200 \u00a0z\u0142<\/strong>. (ok. 45-60 min.)<br>Ka\u017cde <strong>kolejne<\/strong> spotkanie (Metoda Vojty, PNF, tr\u00f3jwymiarowa terapia st\u00f3p) &#8211; <strong>180 <\/strong>z\u0142.<\/p>\n\n\n\n<h3 class=\"wp-block-heading\">Ocena dziecka online<\/h3>\n\n\n\n<div class=\"wp-block-media-text alignwide is-stacked-on-mobile is-image-fill-element\" style=\"grid-template-columns:32% auto\"><figure class=\"wp-block-media-text__media\"><img loading=\"lazy\" decoding=\"async\" width=\"682\" height=\"1024\" src=\"https:\/\/rehabilitacjamalucha.pl\/wp-content\/uploads\/2023\/07\/8-682x1024.jpeg\" alt=\"\" class=\"wp-image-155 size-large\" style=\"object-position:50% 50%\" srcset=\"https:\/\/rehabilitacjamalucha.pl\/wp-content\/uploads\/2023\/07\/8-682x1024.jpeg 682w, https:\/\/rehabilitacjamalucha.pl\/wp-content\/uploads\/2023\/07\/8-200x300.jpeg 200w, https:\/\/rehabilitacjamalucha.pl\/wp-content\/uploads\/2023\/07\/8-768x1153.jpeg 768w, https:\/\/rehabilitacjamalucha.pl\/wp-content\/uploads\/2023\/07\/8-1023x1536.jpeg 1023w, https:\/\/rehabilitacjamalucha.pl\/wp-content\/uploads\/2023\/07\/8-1320x1982.jpeg 1320w, https:\/\/rehabilitacjamalucha.pl\/wp-content\/uploads\/2023\/07\/8-600x901.jpeg 600w, https:\/\/rehabilitacjamalucha.pl\/wp-content\/uploads\/2023\/07\/8.jpeg 1364w\" sizes=\"auto, (max-width: 682px) 100vw, 682px\" \/><\/figure><div class=\"wp-block-media-text__content\">\n<p>Koszt oceny motoryki spontanicznej zarejestrowanej na video oraz jednorazowa konsultacja online przez program MS Teams\u00a0wynosi 180\u00a0z\u0142.<\/p>\n\n\n\n<p>Korzystanie z rejestracji wizyt online oznacza akceptacj\u0119&nbsp;<a href=\"https:\/\/www.rehabilitacjamalucha.pl\/#regulamin\">regulaminu strony<\/a>&nbsp;www.rehabilitacjamalucha.pl i systemu rejestracji&nbsp;<a href=\"https:\/\/www.setmore.com\/privacy\">SETMORE<\/a><\/p>\n<\/div><\/div>\n\n\n\n<h3 class=\"wp-block-heading\">Zarezerwuj termin online<\/h3>\n\n\n\n<p>Kliknij na kalendarz poni\u017cej i wybierz dost\u0119pny termin wizyty. W trakcie dokonywania rezerwacji prosz\u0119 &nbsp;wprowadzi\u0107 dane&nbsp;kontaktowe, niezb\u0119dne&nbsp;do potwierdzenia wizyty.<\/p>\n\n\n<p>\n<center><br \/>\n<script id=\"setmore_script\" type=\"text\/javascript\" src=\"https:\/\/storage.googleapis.com\/fullintegration-live\/webComponentAppListing\/Container\/setmoreIframeLive.js\"><\/script><a style=\"float:none;\" id=\"Setmore_button_iframe\" href=\"https:\/\/booking.setmore.com\/scheduleappointment\/28d450f8-9313-4f37-ba29-eafc456e1565\"><img decoding=\"async\" border=\"none\" src=\"https:\/\/rehabilitacjamalucha.pl\/wp-content\/uploads\/2023\/07\/image.png\" alt=\"Kliknij w celu zarezerwowania wizyty\"><\/a><\/center>\n<\/p>\n\n\n<p><\/p>\n\n\n\n<h3 class=\"wp-block-heading\">Ocena podopiecznych \u017c\u0142obk\u00f3w i przedszkoli<\/h3>\n\n\n\n<p>Indywidualna ocena postawy i motoryki podopiecznych w \u017c\u0142obku lub przedszkolu. Rodzice dzieci otrzymuj\u0105 szczeg\u00f3\u0142owy opis wyniku badania.<\/p>\n\n\n\n<p>Cena jest ustalana indywidualnie.&nbsp;<\/p>\n\n\n\n<p><a href=\"https:\/\/rehabilitacjamalucha.pl\/index.php\/kontakt\/\" data-type=\"page\" data-id=\"96\"><strong>Kontakt<\/strong><\/a><\/p>\n\n\n\n<h1 class=\"wp-block-heading\">Ocena online<\/h1>\n\n\n\n<div class=\"wp-block-group is-nowrap is-layout-flex wp-container-core-group-is-layout-6c531013 wp-block-group-is-layout-flex\">\n<div class=\"wp-block-media-text alignwide is-stacked-on-mobile\" style=\"grid-template-columns:44% auto\"><figure class=\"wp-block-media-text__media\"><img loading=\"lazy\" decoding=\"async\" width=\"436\" height=\"305\" src=\"https:\/\/rehabilitacjamalucha.pl\/wp-content\/uploads\/2023\/07\/57847d7ddd43cdfba8efe6b01c10b641.jpeg\" alt=\"\" class=\"wp-image-161 size-full\" srcset=\"https:\/\/rehabilitacjamalucha.pl\/wp-content\/uploads\/2023\/07\/57847d7ddd43cdfba8efe6b01c10b641.jpeg 436w, https:\/\/rehabilitacjamalucha.pl\/wp-content\/uploads\/2023\/07\/57847d7ddd43cdfba8efe6b01c10b641-300x210.jpeg 300w\" sizes=\"auto, (max-width: 436px) 100vw, 436px\" \/><\/figure><div class=\"wp-block-media-text__content\">\n<p>Poni\u017cej znajdziesz informacje, jak prawid\u0142owo zarejestrowa\u0107 spontaniczne zachowanie swojego dziecka na video oraz w jaki spos\u00f3b przes\u0142a\u0107 nagranie do oceny<\/p>\n<\/div><\/div>\n<\/div>\n\n\n\n<p>Je\u015bli masz problemy z przes\u0142aniem materia\u0142u mo\u017cemy spotka\u0107 si\u0119 i oceni\u0107 dziecko online (na \u017cywo) za pomoc\u0105 programu&nbsp;<strong>Skype<\/strong> lub oceni\u0107 zarejestrowane przez Ciebie nagranie video wys\u0142ane&nbsp;<strong>drog\u0105 mailow\u0105<\/strong>.<\/p>\n\n\n\n<h4 class=\"wp-block-heading\">Ocena Online<\/h4>\n\n\n\n<h3 class=\"wp-block-heading\"><a href=\"https:\/\/rehabilitacjamalucha.pl\/101\/\">Wy\u015blij nagranie mailem.&nbsp;<\/a><\/h3>\n\n\n\n<p>artur.polczyk@gmail.com<\/p>\n\n\n\n<h3 class=\"wp-block-heading\"><a href=\"https:\/\/rehabilitacjamalucha.pl\/101\/\">Zadzwo\u0144 przez Skype&#8217;a<\/a><\/h3>\n\n\n\n<p>Um\u00f3w si\u0119 na rozmow\u0119 Video:<\/p>\n\n\n\n<p><strong>Skype<\/strong>: rehabilitacjamalucha.pl<\/p>\n\n\n\n<p><strong>tel.<\/strong>&nbsp;793019099<\/p>\n\n\n\n<p><strong>email:<\/strong>&nbsp;artur.polczyk@gmail.com<\/p>\n\n\n\n<h3 class=\"wp-block-heading\"><a href=\"https:\/\/rehabilitacjamalucha.pl\/101\/\">Jak to dzia\u0142a ?<\/a><\/h3>\n\n\n\n<p>Mo\u017cliwo\u015bci jest kilka. Naj\u0142atwiejszym rozwi\u0105zaniem jest nagranie filmu kom\u00f3rk\u0105 b\u0105d\u017a aparatem i przes\u0142anie go na wskazany wy\u017cej adres. Po otrzymaniu maila, oceni\u0119 czy materia\u0142 video jest wystarczaj\u0105cy. Do trzech dni otrzymacie pa\u0144stwo mailowo ocen\u0119 dziecka w formacie pdf. oraz propozycj\u0119 terminu rozmowy online przez Skype&#8217;a w celu om\u00f3wienia oceny, wskaza\u0144 i ewentualnych zalece\u0144 oraz poinformuj\u0119 o sposobie p\u0142atnosci.<\/p>\n\n\n\n<h3 class=\"wp-block-heading\"><a href=\"https:\/\/rehabilitacjamalucha.pl\/101\/\">Jak prawid\u0142owo nagra\u0107 film do oceny ?<\/a><\/h3>\n\n\n\n<p>Dziecko w trakcie nagrywania filmu powinno by\u0107 w samej pieluszce, wypocz\u0119te i ch\u0119tne do zabawy. Chcemy zaobserwowa\u0107 jego najwy\u017csze umiej\u0119tno\u015bci zar\u00f3wno na brzuszku, jak i na plecach. Je\u017celi dziecko ma dopiero kilka dni\/ tygodni, zarejestruj pociech\u0119 w le\u017ceniu na plecach i na brzuchu, nie dotykaj\u0105c dziecka. Postaraj si\u0119 zach\u0119ci\u0107 male\u0144stwo do obr\u00f3cenia g\u0142owy w praw\u0105\/ lew\u0105 stron\u0119, spr\u00f3buj nawi\u0105za\u0107 kontakt wzrokowy, zach\u0119\u0107 do wyci\u0105gni\u0119cia r\u0105k w Twoj\u0105 stron\u0119 lub do zabawki. Postaraj si\u0119, aby uwaga dziecka nie by\u0142a przyci\u0105gana przez zb\u0119dne informacje z zewn\u0105trz (np. osob\u0119 kameruj\u0105c\u0105 Wasze zabawy, \u015bwiat\u0142o lampy czy telewizor).<br>Pod\u0142o\u017ce, na kt\u00f3rym nagrywacie sw\u00f3j film powinno by\u0107 stabilne i matowe, nie mo\u017ce by\u0107 to mi\u0119kki, \u015bliski kocyk, najlepszym rozwi\u0105zaniem b\u0119dzie mata do jogi, karimata, b\u0105d\u017a sztywna, ale p\u0142aska powierzchnia np. kanapy lub przewijaka. Po nagraniu&nbsp;najwy\u017cszych umiej\u0119tno\u015bci&nbsp; dziecka na brzuszku, na plecach, umiej\u0119tno\u015bci chwytnych czy lokomocji (obroty, czworakowanie, wstawanie, ch\u00f3d)&nbsp;prze\u015blij nagranie za pomoc\u0105 aplikacji youtube b\u0105d\u017a na maila&nbsp;<strong>artur.polczyk@gmail.com<\/strong>&nbsp;z&nbsp;danymi dziecka \u2013 data urodzenia, Imi\u0119 czy jest wcze\u015bniakiem i czy co\u015b Pa\u0144stwa niepokoi. Po otrzymaniu p\u0142atno\u015bci (instrukcje dostaniecie Pa\u0144stwo w mailu) i analizie materia\u0142u, skontaktuj\u0119 si\u0119 z Pa\u0144stwem mailowo przesy\u0142aj\u0105c ocen\u0119 motoryki dziecka oraz propozycj\u0105 terminu rozmowy video przez Skype\u2019a.<\/p>\n\n\n\n<p>W razie problem\u00f3w z nagraniem\/ przes\u0142aniem pliku &#8211; mo\u017cemy oceni\u0107 dziecko na \u017cywo, przez Skype&#8217;a , jednak takie rozwi\u0105zanie wi\u0105\u017ce si\u0119 z tym, i\u017c dziecko nie zawsze poka\u017ce maksimum swoich mo\u017cliwo\u015bci.<\/p>\n\n\n\n<p>Program Skype mo\u017cna pobra\u0107 z oficjalnej strony&nbsp;<a rel=\"noreferrer noopener\" href=\"http:\/\/www.skype.com\/pl\/\" target=\"_blank\">skype&#8217;a.&nbsp;<\/a><\/p>\n","protected":false},"excerpt":{"rendered":"<p>Obecnie us\u0142ugi domowe s\u0105 niedost\u0119pne. Opis wizyty w gabinecie W trakcie spotkania (w gabinecie czy centrum) oceniamy i opisujemy mo\u017cliwo\u015bci ruchowe oraz potrzeby dziecka przed i po terapii. G\u0142\u00f3wn\u0105 cz\u0119\u015bci\u0105 spotkania s\u0105 oczywi\u015bcie \u0107wiczenia dobrane do celu, kt\u00f3ry nakre\u015blamy z rodzicem w trakcie oceny pacjenta. Rodzic jest instruowany pod okiem terapeuty, jak stymulacj\u0119 wykonywa\u0107&nbsp; w [&hellip;]<\/p>\n","protected":false},"author":1,"featured_media":0,"parent":0,"menu_order":0,"comment_status":"closed","ping_status":"closed","template":"","meta":{"_themeisle_gutenberg_block_has_review":false,"footnotes":""},"class_list":["post-78","page","type-page","status-publish","hentry"],"jetpack_sharing_enabled":true,"_links":{"self":[{"href":"https:\/\/rehabilitacjamalucha.pl\/index.php\/wp-json\/wp\/v2\/pages\/78","targetHints":{"allow":["GET"]}}],"collection":[{"href":"https:\/\/rehabilitacjamalucha.pl\/index.php\/wp-json\/wp\/v2\/pages"}],"about":[{"href":"https:\/\/rehabilitacjamalucha.pl\/index.php\/wp-json\/wp\/v2\/types\/page"}],"author":[{"embeddable":true,"href":"https:\/\/rehabilitacjamalucha.pl\/index.php\/wp-json\/wp\/v2\/users\/1"}],"replies":[{"embeddable":true,"href":"https:\/\/rehabilitacjamalucha.pl\/index.php\/wp-json\/wp\/v2\/comments?post=78"}],"version-history":[{"count":13,"href":"https:\/\/rehabilitacjamalucha.pl\/index.php\/wp-json\/wp\/v2\/pages\/78\/revisions"}],"predecessor-version":[{"id":365,"href":"https:\/\/rehabilitacjamalucha.pl\/index.php\/wp-json\/wp\/v2\/pages\/78\/revisions\/365"}],"wp:attachment":[{"href":"https:\/\/rehabilitacjamalucha.pl\/index.php\/wp-json\/wp\/v2\/media?parent=78"}],"curies":[{"name":"wp","href":"https:\/\/api.w.org\/{rel}","templated":true}]}}