{"id":75,"date":"2023-07-06T18:44:33","date_gmt":"2023-07-06T16:44:33","guid":{"rendered":"https:\/\/rehabilitacjamalucha.pl\/?page_id=75"},"modified":"2025-11-30T18:54:44","modified_gmt":"2025-11-30T17:54:44","slug":"o-mnie","status":"publish","type":"page","link":"https:\/\/rehabilitacjamalucha.pl\/index.php\/o-mnie\/","title":{"rendered":"O mnie"},"content":{"rendered":"\n<div class=\"wp-block-media-text alignwide is-stacked-on-mobile is-vertically-aligned-top\"><figure class=\"wp-block-media-text__media\"><img loading=\"lazy\" decoding=\"async\" width=\"1024\" height=\"840\" src=\"https:\/\/rehabilitacjamalucha.pl\/wp-content\/uploads\/2023\/07\/7-1024x840.jpeg\" alt=\"\" class=\"wp-image-144 size-full\" srcset=\"https:\/\/rehabilitacjamalucha.pl\/wp-content\/uploads\/2023\/07\/7-1024x840.jpeg 1024w, https:\/\/rehabilitacjamalucha.pl\/wp-content\/uploads\/2023\/07\/7-300x246.jpeg 300w, https:\/\/rehabilitacjamalucha.pl\/wp-content\/uploads\/2023\/07\/7-768x630.jpeg 768w, https:\/\/rehabilitacjamalucha.pl\/wp-content\/uploads\/2023\/07\/7-1536x1260.jpeg 1536w, https:\/\/rehabilitacjamalucha.pl\/wp-content\/uploads\/2023\/07\/7-1320x1083.jpeg 1320w, https:\/\/rehabilitacjamalucha.pl\/wp-content\/uploads\/2023\/07\/7-600x492.jpeg 600w, https:\/\/rehabilitacjamalucha.pl\/wp-content\/uploads\/2023\/07\/7.jpeg 2048w\" sizes=\"auto, (max-width: 1024px) 100vw, 1024px\" \/><\/figure><div class=\"wp-block-media-text__content\">\n<p>Nazywam si\u0119 Artur Polczyk, jestem fizjoterapeut\u0105 dzieci\u0119cym, nauczycielem akademickim mi\u0119dzynarodowym instruktorem i certyfikowanym terapeut\u0105 Metody Vojty. <\/p>\n\n\n\n<p>Od lat prowadz\u0119 rehabilitacj\u0119 najm\u0142odszych pacjent\u00f3w we Wroc\u0142awiu z problemami neurologicznymi, genetycznymi czy wadami postawy.<\/p>\n\n\n\n<p>Szczeg\u00f3lnie bliska jest mi praca z niemowl\u0119tami z op\u00f3\u017anieniem psychoruchowym, Zaburzeniami O\u015brodkowej Koordynacji Nerwowej oraz dysplazj\u0105 staw\u00f3w biodrowych. <\/p>\n<\/div><\/div>\n\n\n\n<div class=\"wp-block-media-text alignwide has-media-on-the-right is-stacked-on-mobile\"><div class=\"wp-block-media-text__content\">\n<p>Swoj\u0105 edukacj\u0119 terapeutyczn\u0105 rozpocz\u0105\u0142em w 2005 roku na Akademii Medycznej w Katowicach. Dyplom Magistra uzyska\u0142em na Uniwersytecie Medycznym we Wroc\u0142awiu, gdzie ju\u017c w trakcie studi\u00f3w nawi\u0105za\u0142em wsp\u00f3\u0142prac\u0119 z Oddzia\u0142em Fundacji &#8222;Promyk S\u0142o\u0144ce&#8221; w ramach rehabilitacji dzieci, kt\u00f3ra trwa do dzi\u015b.<\/p>\n<\/div><figure class=\"wp-block-media-text__media\"><img loading=\"lazy\" decoding=\"async\" width=\"1024\" height=\"768\" src=\"https:\/\/rehabilitacjamalucha.pl\/wp-content\/uploads\/2023\/07\/5-1024x768.jpeg\" alt=\"\" class=\"wp-image-145 size-full\" srcset=\"https:\/\/rehabilitacjamalucha.pl\/wp-content\/uploads\/2023\/07\/5-1024x768.jpeg 1024w, https:\/\/rehabilitacjamalucha.pl\/wp-content\/uploads\/2023\/07\/5-300x225.jpeg 300w, https:\/\/rehabilitacjamalucha.pl\/wp-content\/uploads\/2023\/07\/5-768x576.jpeg 768w, https:\/\/rehabilitacjamalucha.pl\/wp-content\/uploads\/2023\/07\/5-1536x1152.jpeg 1536w, https:\/\/rehabilitacjamalucha.pl\/wp-content\/uploads\/2023\/07\/5-1320x990.jpeg 1320w, https:\/\/rehabilitacjamalucha.pl\/wp-content\/uploads\/2023\/07\/5-600x450.jpeg 600w, https:\/\/rehabilitacjamalucha.pl\/wp-content\/uploads\/2023\/07\/5.jpeg 2016w\" sizes=\"auto, (max-width: 1024px) 100vw, 1024px\" \/><\/figure><\/div>\n\n\n\n<p><\/p>\n\n\n\n<h4 class=\"wp-block-heading has-medium-font-size\" style=\"margin-top:0;margin-right:0;margin-bottom:0;margin-left:0;padding-top:0px;padding-right:0px;padding-bottom:0px;padding-left:0px\">Wybrane kursy i szkolenia:<\/h4>\n\n\n\n<p><strong>19.11.2025<\/strong> &#8211; Webinar &#8211; Rehabilitation and Return to Activity after Degenerative Knee Surgery. &nbsp;<a href=\"https:\/\/esskaeducation.org\/\" target=\"_blank\" rel=\"noreferrer noopener\">European Society of Sports Traumatology, Knee Surgery and Arthroscopy<\/a> (ESSKA)<\/p>\n\n\n\n<p><strong>31.10-03.11.2025<\/strong> &#8211; <strong>Zjazd nauczycieli i asystent\u00f3w Metody Vojty.&nbsp;Internationalen Vojta Gesellschaft e.V.<\/strong>&nbsp;Przedstawienie pracy <strong>&#8222;<em>Wp\u0142yw odruchowej lokomocji na popraw\u0119 funkcji ssania u dzieci urodzonych przedwcze\u015bnie&#8221;<\/em> <\/strong>&#8211; Anna Fonfara, Artur Polczyk. Wellesbergstr. 60, 57072, Siegen, Niemcy.<\/p>\n\n\n\n<p><strong>08-10.10.2025<\/strong> &#8211; <strong>EuSim Level <\/strong>2 simulation instructor course &#8211; Tartu Health Care College, Estonia<\/p>\n\n\n\n<p><strong>30-31.05.2025 &#8211; Ultrasonografia biodra dzieci\u0119ca technik\u0105 prof. Grafa<\/strong> &#8211; \u0141\u00f3d\u017a Sono School<\/p>\n\n\n\n<p><strong>04.11-14.12.2024<\/strong> &#8211; <strong>The Simulation Instructor Training for Rehabilitation Professionals&nbsp;<\/strong>&#8211; American Council of Academic Physical Therapy, Ohio State University, USA.<\/p>\n\n\n\n<p><strong>04-06.12.2024<\/strong> &#8211; <strong>EuSim Level 1<\/strong> simulation instructor course &#8211; Tartu Health Care College, Estonia<\/p>\n\n\n\n<p><strong>09-12.11.2024 &#8211;<\/strong>&nbsp;<strong>Warsztaty nauczycieli i asystent\u00f3w Metody Vojty.&nbsp;Internationalen Vojta Gesellschaft e.V.<\/strong>&nbsp;Odruchowy obr\u00f3t &#8211; analiza planowanego spodziewanego ruchu w u\u0142o\u017ceniu na boku. Praca z pacjentem. Wellesbergstr. 60, 57072, Siegen, Niemcy.<\/p>\n\n\n\n<p><strong>02.12.2023<\/strong> &#8211; XIV Konferencja Naukowa pt.: <strong>&#8222;Osoby z Chorobami Rzadkimi \u2013 Leczenie, Rehabilitacja, Edukacja. Wczesna diagnoza i skoordynowana opieka w chorobach rzadkich&#8221;.<\/strong> organizowan\u0105 przez Fundacj\u0119 Potrafi\u0119 Pom\u00f3c oraz Centrum Diagnostyczno-Terapeutyczne Chor\u00f3b Rzadkich im. Bart\u0142omieja Skrzy\u0144skiego we Wroc\u0142awiu (aktywny udzia\u0142).<\/p>\n\n\n\n<p><strong>28-29.06.2023<\/strong> &#8211; Indywidualny praktyczny kurs &#8211; <strong>Badanie ultrasonograficzne i leczenie niemowl\u0119cego stawu biodrowego wg. Prof. R. Grafa i innych.<\/strong> Zakopane Sono-med. <\/p>\n\n\n\n<p><strong>12-14.05.2023<\/strong> &#8211; Cykl specjalistycznych szkole\u0144 dla fizjoterapeut\u00f3w pracuj\u0105cych z pacjentami z SMA. Aktywny udzia\u0142, prowadzenie warsztat\u00f3w i wyk\u0142adu: <strong>&#8222;Wykorzystanie odruchowej lokomocji u pacjent\u00f3w z SMA&#8221;<\/strong>. <\/p>\n\n\n\n<p><strong>25-26.03.2023<\/strong>  &#8211; Zjazd Internationale Vojta Gesellschaft e.v w Dorint Parkhotel w Siegen &#8211; <strong>uzyskanie certyfikatu Mi\u0119dzynarodowego Instruktora Metody Vojty<\/strong> (IVG)<\/p>\n\n\n\n<p><strong>11.09.2021 &#8211; obecnie&nbsp;<\/strong>&#8211; rozpocz\u0119cie&nbsp;<strong>specjalizacji z Fizjoterapii.<\/strong>&nbsp;Bonifraterskie Centrum Zdrowia SP. Z.O.O Oddzia\u0142 w Piaskach, 63-820 Piaski, Os. Marysin 1.<\/p>\n\n\n\n<p><strong>22.05-14.11.2021 &#8211; &#8222;Fizjoterapia w SMA&#8221;&nbsp;<\/strong>&#8211; Cykl specjalistycznych szkole\u0144 dla fizjoterapeut\u00f3w pracuj\u0105cych z pacjentami z rdzeniowym zanikiem mi\u0119\u015bni. Fundacja Potrafi\u0119 Pom\u00f3c &amp; Fundacja SMA, Wroc\u0142aw 2021.&nbsp;<\/p>\n\n\n\n<p><strong>26.11.2020 &#8211; Seminarium \u201eBadania naukowe w neonatologii\u201d<\/strong>&nbsp;w ramach Og\u00f3lnopolskiego e-Sympozjum Neonatologicznego \u201eStany nagl\u0105ce w neonatologii\u201d nt. \u201ePraktyczna neonatologia 2020\u201d<\/p>\n\n\n\n<p><strong>19-20.10.2019<\/strong>&nbsp;&#8211;&nbsp;<strong>Odruchowa lokomocja wg Vojty i jej zastosowanie u pacjent\u00f3w z problemami z barkiem<\/strong>&nbsp;-Workshop&nbsp; terapeut\u00f3w. Metody&nbsp;Vojty. Polskie Towarzystwo Terapeut\u00f3w metody Vojty i International VojtaGesellschaft e. V. Wielu\u0144.<\/p>\n\n\n\n<p><strong>05-07.07.2019&nbsp;<\/strong>&#8211;&nbsp;<strong>VII Mi\u0119dzynarodowa Konferencja &#8222;Weekend ze SMA-kiem&#8221;<\/strong>. Fundacja SMA, patronat Pani Agaty Kornhauser-&nbsp; &nbsp; Dudy.&nbsp;Wyg\u0142oszenie wyk\u0142adu &#8222;Zastosowanie Metody Vojty w procesie rehabilitacyjnym pacjent\u00f3w rdzeniowym zanikiem mi\u0119\u015bni&#8221; oraz prowadzenie warsztat\u00f3w terapeutycznych. J\u00f3zef\u00f3w.<\/p>\n\n\n\n<p><strong>24-26.11.2018<\/strong>&nbsp;&#8211;&nbsp;<strong>Warsztaty nauczycieli i asystent\u00f3w Metody Vojty.&nbsp;Internationalen Vojta Gesellschaft e.V.<\/strong>&nbsp;&#8211; Cykl kroku, I pozycja i jej wariacje&nbsp;oraz metoda&nbsp;oceny rozwoju lokomocji u pacjent\u00f3w z uszkodzonym rdzeniem kr\u0119gowym &#8211; LOSSCI. Wellesbergstr. 60, 57072, Siegen, Niemcy.<\/p>\n\n\n\n<p><strong>06-07.10.2018<\/strong>&nbsp;&#8211;&nbsp;<strong>Odruchowa lokomocja wg Vojty &#8211; znaczenie przepony w sterowaniu posturalnym.<\/strong>&nbsp;Workshop terapeut\u00f3w Metody Vojty. Polskie Towarzystwo Terapeut\u00f3w metody Vojty i International Vojta Gesellschaft e. V. Elbl\u0105g.<\/p>\n\n\n\n<p><strong>17-20.11.17&nbsp;<\/strong>&#8211;&nbsp;<strong>Terapia pacjent\u00f3w z asymetri\u0105 o r\u00f3\u017cnej etiologii w wieku rozwojowym metod\u0105 Vojty.<\/strong>&nbsp;Workshop terapeut\u00f3w Metody Vojty Organizowane przez&nbsp;Polskie Towarzystwo Terapeut\u00f3w metody Vojty i International Vojta Gesellschaft e. V., Gdynia.<\/p>\n\n\n\n<p><strong>01-02.03.2017<\/strong>&nbsp;&#8211;&nbsp;<strong>Warsztaty nauczycieli i asystent\u00f3w Metody Vojty.<\/strong>&nbsp;Internationalen Vojta Gesellschaft e.V. Wellesbergstr. 60, 57072, Siegen, Niemcy.<\/p>\n\n\n\n<p><strong>23-25.02.2017<\/strong>&nbsp;&#8211;&nbsp;<strong>XXIII edycja Mi\u0119dzynarodowego Dnia Inwalidy i Konferencji Naukowej &#8222;Zycie bez b\u00f3lu&#8221;<\/strong>. Aktywny udzia\u0142 w Konferencji w&nbsp;Zgorzelcu.<\/p>\n\n\n\n<p><strong>26.11.2016<\/strong>&nbsp;&#8211;&nbsp;<strong>Reakcje u\u0142o\u017ceniowe w ocenie rozwoju niemowl\u0119cia i planowaniu terapii.&nbsp;<\/strong>Warsztaty certyfikowanych terapeut\u00f3w metody Vojty,&nbsp;Wroc\u0142aw ul. \u0141ubinowa 12.<\/p>\n\n\n\n<p><strong>27.08-28.08 &#8211;&nbsp;<\/strong>&nbsp;<strong>Warsztaty nauczycieli i asystent\u00f3w Metody Vojty (Vojta Lehreassisten-Treffen).<\/strong>&nbsp;Internationalen Vojta Gesellschaft&nbsp;e.V.&nbsp;w Vivantes Klinikum im Friedrichshain SPZ an der Klinik fur Kinder und Jugendmedizin &#8222;Martin-Luter-King&#8221; Ladberger Allee 49 D-10249 Berlin&nbsp;<\/p>\n\n\n\n<p><strong>26.08-28.08 &#8211;&nbsp;<\/strong><strong>Vojta Workshop &#8222;Terapia pacjent\u00f3w z asymetri\u0105 o r\u00f3\u017cnej etiologii w wieku rozwojowym Metod\u0105 Vojty&#8221;.&nbsp;<\/strong>NZOZ O\u015brodek Wczesnej Interwencji w Gdyni.<\/p>\n\n\n\n<p><strong>12,13.03-2016 &#8211;&nbsp;<\/strong><strong>Warsztaty nauczycieli i asystent\u00f3w Metody Vojty.<\/strong>&nbsp;Internationalen Vojta Gesellschaft e.V. Wellesbergstr. 60, 57072, Siegen, Niemcy&nbsp;<\/p>\n\n\n\n<p><strong>24-26.04.2015<\/strong>&nbsp;&#8211;&nbsp;<strong>Tr\u00f3jp\u0142aszczyznowa terapia wad st\u00f3p u dzieci na podstawach neurofizjologicznych. Metdoa Barbary Zukunft- Huber.&nbsp;<\/strong>Oddzia\u0142u Fundacji \u201ePromyk S\u0142o\u0144ca\u201d we Wroc\u0142awiu<\/p>\n\n\n\n<p><strong>07-10.01.2015<\/strong>&nbsp;&#8211;&nbsp;<strong>Kurs Oceny Globalnych Wzorc\u00f3w Ruchu Metod\u0105 Prechtla<\/strong>. Szpital Kliniczny im. ks. Anny Mazowieckiej w oraz Klinika&nbsp; Neonatologii i Intensywnej Terapii Noworodka Warszawskiego Uniwersytetu Medycznego<\/p>\n\n\n\n<p><strong>27.07.2014<\/strong>&nbsp;&#8211;&nbsp;<strong>Odruchowy obr\u00f3t &#8211; od le\u017cenia na plecach do czworakowania.<\/strong>&nbsp;Warsztaty certyfikowanych terapeut\u00f3w metody Vojty<\/p>\n\n\n\n<p>.<\/p>\n\n\n\n<p><strong>12.01.2014<\/strong>&nbsp;&#8211;&nbsp;<strong>Wspomaganie rozwoju dzieci ze specyficznymi trudno\u015bciami w nauce-program szkolny, wg integracji odruch\u00f3w dr Sally Goddard.<\/strong>&nbsp;Szkolenie organizowane przez Instytut Neurofizjologii i Psychologii POLSKA<\/p>\n\n\n\n<p><strong>02.02.2013<\/strong>&nbsp;&#8211;&nbsp;<strong>Analiza kinezjologiczna niemowl\u0119cia w II kwartale \u017cycia.<\/strong>&nbsp;Warsztaty certyfikowanych terapeut\u00f3w metody Vojty.<\/p>\n\n\n\n<p><strong>16.05.2011<\/strong>&nbsp;\u2013&nbsp;<strong>20.07.2012<\/strong>&nbsp;<strong>Zastosowanie kinezjologii rozwojowej wg Vojty u niemowl\u0105t, dzieci i m\u0142odzie\u017cy z zaburzeniami ruchowymi.<\/strong>Oddzia\u0142 Fundacji \u201ePromyk S\u0142o\u0144ca\u201d we Wroc\u0142awiu.<\/p>\n\n\n\n<p>09-11.03.2011&nbsp;<strong>PNF w Pediatrii.<\/strong>&nbsp;Oddzia\u0142u Fundacji \u201ePromyk S\u0142o\u0144ca\u201d we Wroc\u0142awiu<\/p>\n\n\n\n<p>20-21.X.2010&nbsp;<strong>PNF w Pediatrii uzupe\u0142niaj\u0105cy kurs \u2013 warsztaty<\/strong>. Oddzia\u0142 Fundacji \u201ePromyk S\u0142o\u0144ca\u201d we Wroc\u0142awiu<\/p>\n\n\n\n<p>3.IX.2010<strong>&nbsp;III Og\u00f3lnopolska Konferencja Naukowa w Zielonej G\u00f3rze<\/strong>. Wyg\u0142oszenie referatu \u201eAnaliza dzieci z asymetri\u0105 u\u0142o\u017ceniow\u0105&nbsp; leczonych w niemowl\u0119ctwie metod\u0105 Vojty pod k\u0105tem postawy w wieku wczesnoszkolnym\u201d.<br>&nbsp;<\/p>\n\n\n\n<p>III 2010-V 2010&nbsp;<strong>Kurs PNF podstawowy<\/strong>. Kurs organizowany przez: F. H. &#8222;Kinesis&#8221; \u2013 Zabrze.<\/p>\n\n\n\n<p>XII 2009&nbsp;<strong>Diagnostyka i terapia dzieci ryzyka.<\/strong>&nbsp;Kurs organizowany przez: Wydzia\u0142 Lekarski Kszta\u0142cenia Podyplomowego Akademii&nbsp; Medycznej im. Piast\u00f3w \u015al. we Wroc\u0142awiu.<\/p>\n\n\n\n<p><strong>Studia Wy\u017csze:<\/strong><\/p>\n\n\n\n<p>X 2008 \u2013 VI 2010 Akademia Medyczna im. Piast\u00f3w \u015al\u0105skich we Wroc\u0142awiu, Wydzia\u0142 Nauk o Zdrowiu, Kierunek:&nbsp;<strong>Fizjoterapia II\u00b0<\/strong><\/p>\n\n\n\n<p>X 2005 \u2013 VI 2007 \u015al\u0105ski Uniwersytet Medyczny w Katowicach, Wydzia\u0142 Opieki Zdrowotnej, Kierunek:&nbsp;<strong>Fizjoterapia I\u00b0<\/strong><\/p>\n\n\n\n<p><br><strong>Wybrane Publikacje (<a href=\"https:\/\/www.researchgate.net\/profile\/Artur-Polczyk\">Researchgate<\/a> &amp; <a href=\"https:\/\/orcid.org\/0000-0002-5131-8540\">Orcid<\/a>) :<\/strong><\/p>\n\n\n\n<p>1. Roksana Bibrowska, Honorata Matelska, Artur Polczyk, Ludwika Sadowska.: Wyst\u0119powanie wad postawy u dzieci wczesnoszkolnych z uwzgl\u0119dnieniem dzia\u0142a\u0144 profilaktyczno-terapeutycznych<br>W:III Mi\u0119dzynarodowe Dni Rehabilitacji &#8222;Potrzeby i standardy rehabilitacji w chorobach i po urazach o\u015brodkowego uk\u0142adu nerwowego&#8221;. Rzesz\u00f3w, 3-4 marca 2011 r. Streszczenia; s.9<br>ISBN 978-83-62488-46-9<\/p>\n\n\n\n<p>2. Artur Polczyk, Ludwika Sadowska.: Ocena postawy cia\u0142a dzieci w wieku wczesnoszkolnym zdiagnozowanych w niemowl\u0119ctwie metod\u0105 Vojty, jako dzieci ryzyka<br>W:Potencja\u0142 spo\u0142eczny dzieci i m\u0142odzie\u017cy niepe\u0142nosprawnej. Monografia ; red. J\u00f3zef Patkiewicz; Wroc\u0142aw : Studio Wydawniczo-Typograficzne &#8222;Typoscript&#8221; ; Polskie Towarzystwo Walki z Kalectwem, 2011; s.65-86<br>ISBN 978-83-62440-05-4, ISBN 978-83-928977-0-5<br>Pkt. MNiSW\/KBN: 3.000<\/p>\n\n\n\n<p>3. Roksana Bibrowska, Artur Polczyk, Katarzyna Zygmunt-Lasia, \u0141ukasz Przygoda, Ludwika Sadowska.: Stan od\u017cywienia i wyst\u0119powanie wady postawy cia\u0142a u dzieci ryzyka rehabilitowanych w ramach wczesnej interwencji w niemowl\u0119ctwie na tle zdrowej populacji dzieci dolno\u015bl\u0105skich<br>W:Potencja\u0142 spo\u0142eczny dzieci i m\u0142odzie\u017cy niepe\u0142nosprawnej. Monografia ; red. J\u00f3zef Patkiewicz; Wroc\u0142aw : Studio Wydawniczo-Typograficzne &#8222;Typoscript&#8221; ; Polskie Towarzystwo Walki z Kalectwem, 2011; s.41-64<br>ISBN 978-83-62440-05-4, ISBN 978-83-928977-0-5<br>Pkt. MNiSW\/KBN: 3.000<\/p>\n\n\n\n<p>4. Anna Maria Choi\u0144ska, Ludwika Sadowska, Henryk Filipowski, Roksana Bibrowska, Artur Polczyk.: Wyst\u0119powanie ryzyka zaburze\u0144 integracji sensorycznej u dzieci w wieku 3-8 lat<br>W:Potencja\u0142 spo\u0142eczny dzieci i m\u0142odzie\u017cy niepe\u0142nosprawnej. Monografia ; red. J\u00f3zef Patkiewicz; Wroc\u0142aw : Studio Wydawniczo-Typograficzne &#8222;Typoscript&#8221; ; Polskie Towarzystwo Walki z Kalectwem, 2011; s.25-39<br>ISBN 978-83-62440-05-4, ISBN 978-83-928977-0-5<br>Pkt. MNiSW\/KBN: 3.000<\/p>\n\n\n\n<p>5. L[udwika] Sadowska, Anna M[aria] Choi\u0144ska, B. Bartosik, R[oksana] Bibrowska, A[rtur] Polczyk.: Dojrza\u0142o\u015b\u0107 spo\u0142eczna m\u0142odzie\u017cy i doros\u0142ych os\u00f3b z Zespo\u0142em Downa leczonych kompleksowo od wczesnego dzieci\u0144stwa<br>W:XVII Mi\u0119dzynarodowa Konferencja Naukowa &#8222;Zdrowie \u015brodowiskowe dzieci z uwzgl\u0119dnieniem czynnik\u00f3w \u017cywieniowych, chemicznych i metali toksycznych&#8221;. Legnica, 27-28 maja 2011 r.; Legnica : Fundacja na Rzecz Dzieci Zag\u0142\u0119bia Miedziowego, 2011; s.41-42<\/p>\n\n\n\n<p>6. L[udwika] Sadowska, A[rtur] Polczyk, R[oksana] Bibrowska, K. Zygmunt-Lasia.: Uwarunkowania stanu od\u017cywienia oraz kszta\u0142towania si\u0119 postawy cia\u0142a u dzieci ryzyka na tle zdrowej populacji dolno\u015bl\u0105skich dzieci szkolnych<br>W:XVII Mi\u0119dzynarodowa Konferencja Naukowa &#8222;Zdrowie \u015brodowiskowe dzieci z uwzgl\u0119dnieniem czynnik\u00f3w \u017cywieniowych, chemicznych i metali toksycznych&#8221;. Legnica, 27-28 maja 2011 r.; Legnica : Fundacja na Rzecz Dzieci Zag\u0142\u0119bia Miedziowego, 2011; s.33-34<\/p>\n\n\n\n<p>7. Micha\u0142 Cichosz, Bartosz Kocha\u0144ski, Ireneusz Dziwe\u017cek, Marzena Kobyla\u0144ska, Artur Polczyk, Krystian Ka\u0142u\u017cny, Walery Zukow.: Aktualne standardy diagnostyki i leczenia dolegliwo\u015bci b\u00f3lowych miednicy ze \u017ar\u00f3d\u0142em w stawach krzy\u017cowo-biodrowych<br>J.Educ.Health Sport 2016 Vol.6 no.11; s.125-136<br>Pkt. MNiSW\/KBN: 7.000<\/p>\n\n\n\n<p><br>8. Tatiana Jagodzi\u0144ska, Artur Polczyk.: Aktualne mo\u017cliwo\u015bci zapobiegania niekorzystnym zmianom mi\u0119\u015bniowo &#8211; szkieletowym u dzieci z m\u00f3zgowym pora\u017ceniem dzieci\u0119cym = Preventing negative musculoskeletal changes in patients with cerebral palsy &#8211; up-to-date approach<br>W:Mi\u0119dzynarodowy Dzie\u0144 Inwalidy &#8211; XXII-edycja &#8222;\u017bycie bez b\u00f3lu. Zdrowe dzieci &#8211; zdrowa Europa&#8221;. Zgorzelec, 18-20 marca 2016 roku. Streszczenia [CD-ROM]; Zgorzelec : &#8222;Obrze\u017ca&#8221; Oficyna Wydawnicza, 2016; s.138 poz.99<br>ISBN 978-83-88380-74-7<\/p>\n\n\n\n<p>9. Artur Polczyk, Tatiana Jagodzi\u0144ska, Anna Choi\u0144ska, Ma\u0142gorzata Paprocka-Borowicz.: Aktualne mo\u017cliwo\u015bci prognozowania rozwoju noworodk\u00f3w urodzonych przedwcze\u015bnie i niemowl\u0105t z grupy ryzyka oko\u0142oporodowego = Actual possibilities of predicting the development of premature newborns and infants from perinatal risk group<br>W:Mi\u0119dzynarodowy Dzie\u0144 Inwalidy &#8211; XXIII-edycja &#8222;\u017bycie bez b\u00f3lu. Zdrowe dzieci &#8211; zdrowa Europa&#8221;. Zgorzelec, 23-25 marca 2017 roku. Streszczenia [CD-ROM]; Zgorzelec : &#8222;Obrze\u017ca&#8221; Oficyna Wydawnicza, 2017; s.92 poz.82<br>ISBN 978-83-88380-75-4<\/p>\n\n\n\n<p>10. Micha\u0142 Cichosz, Edyta Tomaszewska, Jacek \u015arednicki, Wojciech Karczy\u0144ski, Ireneusz Dzier\u017cek, Artur Polczyk, Pawe\u0142 Czerwi\u0144ski.: Wp\u0142yw stacjonarnej rehabilitacji neurologicznej na jako\u015b\u0107 \u017cycia i czynno\u015b\u0107 funkcjonaln\u0105 pacjent\u00f3w po zabiegach neurochirurgicznych stosowanych w leczeniu nast\u0119pstw choroby zwyrodnieniowej kr\u0119gos\u0142upa l\u0119d\u017awiowego = The impact of neurological rehabilitation on quality of life and functional activity of patients after neurosurgery used in the treatment of the degenerative disease of the lumbar spine<br>W:Mi\u0119dzynarodowy Dzie\u0144 Inwalidy &#8211; XXIII-edycja &#8222;\u017bycie bez b\u00f3lu. Zdrowe dzieci &#8211; zdrowa Europa&#8221;. Zgorzelec, 23-25 marca 2017 roku. Streszczenia [CD-ROM]; Zgorzelec : &#8222;Obrze\u017ca&#8221; Oficyna Wydawnicza, 2017; s.159 poz.136<br>ISBN 978-83-88380-75-4<\/p>\n\n\n\n<p>11. Micha\u0142&nbsp;Cichosz, Wojciech&nbsp;Karczy\u0144ski, Edyta&nbsp;Tomaszewska, Pawe\u0142&nbsp;Czerwi\u0144ski, Ireneusz&nbsp;Dzier\u017cek, Bartosz&nbsp;Kocha\u0144ski, Artur&nbsp;Polczyk.: Analiza statycznego i dynamicznego rozk\u0142adu si\u0142 pod\u0142o\u017ca u pacjent\u00f3w po stabilizacji mi\u0119dzy kolczystej odcinka l\u0119d\u017awiowego kr\u0119gos\u0142upa = Analysis of static and dynamic distribution of ground forces in patients after stabilization between the spinal lumbar spine<br>W:Mi\u0119dzynarodowy Dzie\u0144 Inwalidy &#8211; XXIV-edycja &#8222;\u017bycie bez b\u00f3lu. Zdrowe dzieci &#8211; zdrowa Europa&#8221;. Zgorzelec, 15-17 marca 2018 roku. Streszczenia [CD-ROM]; Zgorzelec : &#8222;Obrze\u017ca&#8221; Oficyna Wydawnicza, 2018; s.51 poz.46<br>ISBN 978-83-88380-76-1<\/p>\n\n\n\n<p>12. Tatiana&nbsp;Jagodzi\u0144ska, Artur&nbsp;Polczyk, Marta&nbsp;Berghausen-Mazur.: Aktualne mo\u017cliwo\u015bci prognozowania rozwoju noworodk\u00f3w urodzonych przedwcze\u015bnie i niemowl\u0105t z grupy ryzyka oko\u0142oporodowego<br>W:Noworodek &#8211; pacjent wielospecjalistyczny : wybrane aspekty diagnostyki i terapii ; pod red. Ma\u0142gorzaty Czy\u017cewskiej; Wroc\u0142aw : Wroc\u0142awskie Wydawnictwo Naukowe Atla 2, 2018; s.65-70<br>ISBN 978-83-65071-32-3<br>Pkt. MNiSW\/KBN: 5.000<\/p>\n","protected":false},"excerpt":{"rendered":"<p>Nazywam si\u0119 Artur Polczyk, jestem fizjoterapeut\u0105 dzieci\u0119cym, nauczycielem akademickim mi\u0119dzynarodowym instruktorem i certyfikowanym terapeut\u0105 Metody Vojty. Od lat prowadz\u0119 rehabilitacj\u0119 najm\u0142odszych pacjent\u00f3w we Wroc\u0142awiu z problemami neurologicznymi, genetycznymi czy wadami postawy. Szczeg\u00f3lnie bliska jest mi praca z niemowl\u0119tami z op\u00f3\u017anieniem psychoruchowym, Zaburzeniami O\u015brodkowej Koordynacji Nerwowej oraz dysplazj\u0105 staw\u00f3w biodrowych. Swoj\u0105 edukacj\u0119 terapeutyczn\u0105 rozpocz\u0105\u0142em w 2005 [&hellip;]<\/p>\n","protected":false},"author":1,"featured_media":0,"parent":0,"menu_order":0,"comment_status":"closed","ping_status":"closed","template":"","meta":{"_themeisle_gutenberg_block_has_review":false,"footnotes":""},"class_list":["post-75","page","type-page","status-publish","hentry"],"jetpack_sharing_enabled":true,"_links":{"self":[{"href":"https:\/\/rehabilitacjamalucha.pl\/index.php\/wp-json\/wp\/v2\/pages\/75","targetHints":{"allow":["GET"]}}],"collection":[{"href":"https:\/\/rehabilitacjamalucha.pl\/index.php\/wp-json\/wp\/v2\/pages"}],"about":[{"href":"https:\/\/rehabilitacjamalucha.pl\/index.php\/wp-json\/wp\/v2\/types\/page"}],"author":[{"embeddable":true,"href":"https:\/\/rehabilitacjamalucha.pl\/index.php\/wp-json\/wp\/v2\/users\/1"}],"replies":[{"embeddable":true,"href":"https:\/\/rehabilitacjamalucha.pl\/index.php\/wp-json\/wp\/v2\/comments?post=75"}],"version-history":[{"count":18,"href":"https:\/\/rehabilitacjamalucha.pl\/index.php\/wp-json\/wp\/v2\/pages\/75\/revisions"}],"predecessor-version":[{"id":404,"href":"https:\/\/rehabilitacjamalucha.pl\/index.php\/wp-json\/wp\/v2\/pages\/75\/revisions\/404"}],"wp:attachment":[{"href":"https:\/\/rehabilitacjamalucha.pl\/index.php\/wp-json\/wp\/v2\/media?parent=75"}],"curies":[{"name":"wp","href":"https:\/\/api.w.org\/{rel}","templated":true}]}}