{"id":342,"date":"2025-01-09T17:23:49","date_gmt":"2025-01-09T16:23:49","guid":{"rendered":"https:\/\/rehabilitacjamalucha.pl\/?page_id=342"},"modified":"2025-06-05T20:46:12","modified_gmt":"2025-06-05T18:46:12","slug":"ag-dydaktyka","status":"publish","type":"page","link":"https:\/\/rehabilitacjamalucha.pl\/index.php\/ag-dydaktyka\/","title":{"rendered":"AG &#8211; dydaktyka"},"content":{"rendered":"\n<p><strong>Szanowni Pa\u0144stwo,<\/strong><\/p>\n\n\n\n<p>w celu um\u00f3wienia spotkania grupy roboczej terapeut\u00f3w, konsultacji pacjent\u00f3w w Pa\u0144stwa miejscu pracy, czy superwizji kursant\u00f3w metody Vojty, prosz\u0119 o kontakt telefoniczny lub mailowy.<\/p>\n\n\n\n<p>Obecnie planowane jest spotkanie w obr\u0119bie tematyki:<br><em>&#8211; <\/em><strong><em>Dysplazja staw\u00f3w biodrowych, diagnostyka i terapia z wykorzystaniem Metody Vojty<\/em> <\/strong>&#8211; * 28.06.2025 (Pierwszy termin) &#8211; obecnie brak miejsc. <br>* termin drugi w trakcie ustalania &#8211; informacje i zapisy tel. 48 724 730 722<\/p>\n\n\n\n<p><em>&#8211; Wykorzystanie metody Vojty u pacjent\u00f3w z rdzeniowym zanikiem mi\u0119\u015bniowym,<\/em><\/p>\n\n\n\n<p><em>&#8211; Mechanizmy unikania &#8211; rozpoznawanie i reagowanie w terapii. <\/em><\/p>\n\n\n\n<p class=\"has-text-align-center\">artur.polczyk@gmail.com<br>tel. 793019099<\/p>\n\n\n\n<figure class=\"wp-block-image aligncenter size-full\"><img loading=\"lazy\" decoding=\"async\" width=\"1024\" height=\"683\" src=\"https:\/\/rehabilitacjamalucha.pl\/wp-content\/uploads\/2025\/01\/I-faza-Artur-.jpg\" alt=\"\" class=\"wp-image-343\" srcset=\"https:\/\/rehabilitacjamalucha.pl\/wp-content\/uploads\/2025\/01\/I-faza-Artur-.jpg 1024w, https:\/\/rehabilitacjamalucha.pl\/wp-content\/uploads\/2025\/01\/I-faza-Artur--300x200.jpg 300w, https:\/\/rehabilitacjamalucha.pl\/wp-content\/uploads\/2025\/01\/I-faza-Artur--768x512.jpg 768w\" sizes=\"auto, (max-width: 1024px) 100vw, 1024px\" \/><\/figure>\n","protected":false},"excerpt":{"rendered":"<p>Szanowni Pa\u0144stwo, w celu um\u00f3wienia spotkania grupy roboczej terapeut\u00f3w, konsultacji pacjent\u00f3w w Pa\u0144stwa miejscu pracy, czy superwizji kursant\u00f3w metody Vojty, prosz\u0119 o kontakt telefoniczny lub mailowy. Obecnie planowane jest spotkanie w obr\u0119bie tematyki:&#8211; Dysplazja staw\u00f3w biodrowych, diagnostyka i terapia z wykorzystaniem Metody Vojty &#8211; * 28.06.2025 (Pierwszy termin) &#8211; obecnie brak miejsc. * termin drugi [&hellip;]<\/p>\n","protected":false},"author":1,"featured_media":0,"parent":0,"menu_order":0,"comment_status":"closed","ping_status":"closed","template":"","meta":{"_themeisle_gutenberg_block_has_review":false,"footnotes":""},"class_list":["post-342","page","type-page","status-publish","hentry"],"jetpack_sharing_enabled":true,"_links":{"self":[{"href":"https:\/\/rehabilitacjamalucha.pl\/index.php\/wp-json\/wp\/v2\/pages\/342","targetHints":{"allow":["GET"]}}],"collection":[{"href":"https:\/\/rehabilitacjamalucha.pl\/index.php\/wp-json\/wp\/v2\/pages"}],"about":[{"href":"https:\/\/rehabilitacjamalucha.pl\/index.php\/wp-json\/wp\/v2\/types\/page"}],"author":[{"embeddable":true,"href":"https:\/\/rehabilitacjamalucha.pl\/index.php\/wp-json\/wp\/v2\/users\/1"}],"replies":[{"embeddable":true,"href":"https:\/\/rehabilitacjamalucha.pl\/index.php\/wp-json\/wp\/v2\/comments?post=342"}],"version-history":[{"count":5,"href":"https:\/\/rehabilitacjamalucha.pl\/index.php\/wp-json\/wp\/v2\/pages\/342\/revisions"}],"predecessor-version":[{"id":361,"href":"https:\/\/rehabilitacjamalucha.pl\/index.php\/wp-json\/wp\/v2\/pages\/342\/revisions\/361"}],"wp:attachment":[{"href":"https:\/\/rehabilitacjamalucha.pl\/index.php\/wp-json\/wp\/v2\/media?parent=342"}],"curies":[{"name":"wp","href":"https:\/\/api.w.org\/{rel}","templated":true}]}}