{"id":2,"date":"2023-07-03T23:10:51","date_gmt":"2023-07-03T21:10:51","guid":{"rendered":"https:\/\/rehabilitacjamalucha.pl\/?page_id=2"},"modified":"2023-07-06T20:04:35","modified_gmt":"2023-07-06T18:04:35","slug":"przykladowa-strona","status":"publish","type":"page","link":"https:\/\/rehabilitacjamalucha.pl\/","title":{"rendered":""},"content":{"rendered":"\n<p>W swojej pracy z najm\u0142odszym pacjentem wykorzystuj\u0119 przede wszystkim terapi\u0119 metod\u0119 Vojty. W diagnostyce wspieram si\u0119 r\u00f3wnie\u017c metod\u0119 Prechtl&#8217;a. Dodatkowym wsparciem s\u0105 terapeutycznym s\u0105 elementy PNF, Tr\u00f3jwymiarowej terapii st\u00f3p, masa\u017cu czy terapii manualnej . <br><br>D\u0142ugo\u015b\u0107 terapii jest uzale\u017cniona g\u0142\u00f3wnie od stanu i wydolno\u015bci dziecka,&nbsp; jedna sesja trwa najcz\u0119\u015bciej ok. 45 min. W trakcie spotkania rodzic nie jest bierny, uczestniczy i uczy si\u0119 terapii.<\/p>\n\n\n\n<blockquote class=\"wp-block-quote is-layout-flow wp-block-quote-is-layout-flow\">\n<p><em>\u201cEach movement begins and ends with a posture. Posture follows movement like a shadow&#8230;\u201d <\/em><\/p>\n<\/blockquote>\n\n\n\n<p>Magnus 1924 r.<\/p>\n\n\n\n<p>&#8230;.<\/p>\n","protected":false},"excerpt":{"rendered":"<p>W swojej pracy z najm\u0142odszym pacjentem wykorzystuj\u0119 przede wszystkim terapi\u0119 metod\u0119 Vojty. W diagnostyce wspieram si\u0119 r\u00f3wnie\u017c metod\u0119 Prechtl&#8217;a. Dodatkowym wsparciem s\u0105 terapeutycznym s\u0105 elementy PNF, Tr\u00f3jwymiarowej terapii st\u00f3p, masa\u017cu czy terapii manualnej . D\u0142ugo\u015b\u0107 terapii jest uzale\u017cniona g\u0142\u00f3wnie od stanu i wydolno\u015bci dziecka,&nbsp; jedna sesja trwa najcz\u0119\u015bciej ok. 45 min. W trakcie spotkania rodzic [&hellip;]<\/p>\n","protected":false},"author":1,"featured_media":0,"parent":0,"menu_order":0,"comment_status":"closed","ping_status":"open","template":"","meta":{"_themeisle_gutenberg_block_has_review":false,"footnotes":""},"class_list":["post-2","page","type-page","status-publish","hentry"],"jetpack_sharing_enabled":true,"_links":{"self":[{"href":"https:\/\/rehabilitacjamalucha.pl\/index.php\/wp-json\/wp\/v2\/pages\/2","targetHints":{"allow":["GET"]}}],"collection":[{"href":"https:\/\/rehabilitacjamalucha.pl\/index.php\/wp-json\/wp\/v2\/pages"}],"about":[{"href":"https:\/\/rehabilitacjamalucha.pl\/index.php\/wp-json\/wp\/v2\/types\/page"}],"author":[{"embeddable":true,"href":"https:\/\/rehabilitacjamalucha.pl\/index.php\/wp-json\/wp\/v2\/users\/1"}],"replies":[{"embeddable":true,"href":"https:\/\/rehabilitacjamalucha.pl\/index.php\/wp-json\/wp\/v2\/comments?post=2"}],"version-history":[{"count":2,"href":"https:\/\/rehabilitacjamalucha.pl\/index.php\/wp-json\/wp\/v2\/pages\/2\/revisions"}],"predecessor-version":[{"id":132,"href":"https:\/\/rehabilitacjamalucha.pl\/index.php\/wp-json\/wp\/v2\/pages\/2\/revisions\/132"}],"wp:attachment":[{"href":"https:\/\/rehabilitacjamalucha.pl\/index.php\/wp-json\/wp\/v2\/media?parent=2"}],"curies":[{"name":"wp","href":"https:\/\/api.w.org\/{rel}","templated":true}]}}